{"id":1226,"date":"2018-10-19T07:26:13","date_gmt":"2018-10-19T07:26:13","guid":{"rendered":"http:\/\/source.wpopal.com\/auros\/?page_id=1226"},"modified":"2023-02-06T12:49:57","modified_gmt":"2023-02-06T12:49:57","slug":"inicio","status":"publish","type":"page","link":"https:\/\/quadrina.pt\/store\/","title":{"rendered":"Home"},"content":{"rendered":"\t\t<div data-elementor-type=\"wp-post\" data-elementor-id=\"1226\" class=\"elementor elementor-1226\">\n\t\t\t\t\t\t<div class=\"elementor-inner\">\n\t\t\t\t<div class=\"elementor-section-wrap\">\n\t\t\t\t\t\t\t\t\t<section data-dce-background-image-url=\"https:\/\/quadrina.pt\/store\/wp-content\/uploads\/2020\/03\/banner.jpg\" class=\"elementor-section elementor-top-section elementor-element elementor-element-6ddf62b elementor-section-stretched elementor-section-boxed elementor-section-height-default elementor-section-height-default\" data-id=\"6ddf62b\" data-element_type=\"section\" data-settings=\"{&quot;stretch_section&quot;:&quot;section-stretched&quot;,&quot;background_background&quot;:&quot;classic&quot;}\">\n\t\t\t\t\t\t<div class=\"elementor-container elementor-column-gap-default\">\n\t\t\t\t\t\t\t<div class=\"elementor-row\">\n\t\t\t\t\t<div class=\"elementor-column elementor-col-100 elementor-top-column elementor-element elementor-element-43938bd\" data-id=\"43938bd\" data-element_type=\"column\">\n\t\t\t<div class=\"elementor-column-wrap elementor-element-populated\">\n\t\t\t\t\t\t\t<div class=\"elementor-widget-wrap\">\n\t\t\t\t\t\t<div class=\"elementor-element elementor-element-0a5a8d1 elementor-widget elementor-widget-spacer\" data-id=\"0a5a8d1\" data-element_type=\"widget\" data-widget_type=\"spacer.default\">\n\t\t\t\t<div class=\"elementor-widget-container\">\n\t\t\t\t\t<div class=\"elementor-spacer\">\n\t\t\t<div class=\"elementor-spacer-inner\"><\/div>\n\t\t<\/div>\n\t\t\t\t<\/div>\n\t\t\t\t<\/div>\n\t\t\t\t<div class=\"elementor-element elementor-element-3fc851c elementor-widget elementor-widget-heading\" data-id=\"3fc851c\" data-element_type=\"widget\" data-widget_type=\"heading.default\">\n\t\t\t\t<div class=\"elementor-widget-container\">\n\t\t\t<h1 class=\"elementor-heading-title elementor-size-default\">Loja online <b>Quadrina<\/b><\/h1>\t\t<\/div>\n\t\t\t\t<\/div>\n\t\t\t\t<div data-dce-background-color=\"#000000\" class=\"elementor-element elementor-element-462f26b elementor-widget elementor-widget-button\" data-id=\"462f26b\" data-element_type=\"widget\" data-widget_type=\"button.default\">\n\t\t\t\t<div class=\"elementor-widget-container\">\n\t\t\t\t\t<div class=\"elementor-button-wrapper\">\n\t\t\t<a href=\"#products\" class=\"elementor-button-link elementor-button elementor-size-sm\" role=\"button\">\n\t\t\t\t\t\t<span class=\"elementor-button-content-wrapper\">\n\t\t\t\t\t\t<span class=\"elementor-button-text\">Ver produtos<\/span>\n\t\t<\/span>\n\t\t\t\t\t<\/a>\n\t\t<\/div>\n\t\t\t\t<\/div>\n\t\t\t\t<\/div>\n\t\t\t\t<div class=\"elementor-element elementor-element-6e97f5a elementor-widget elementor-widget-spacer\" data-id=\"6e97f5a\" data-element_type=\"widget\" data-widget_type=\"spacer.default\">\n\t\t\t\t<div class=\"elementor-widget-container\">\n\t\t\t\t\t<div class=\"elementor-spacer\">\n\t\t\t<div class=\"elementor-spacer-inner\"><\/div>\n\t\t<\/div>\n\t\t\t\t<\/div>\n\t\t\t\t<\/div>\n\t\t\t\t\t\t<\/div>\n\t\t\t\t\t<\/div>\n\t\t<\/div>\n\t\t\t\t\t\t\t\t<\/div>\n\t\t\t\t\t<\/div>\n\t\t<\/section>\n\t\t\t\t<section class=\"elementor-section elementor-top-section elementor-element elementor-element-107c342 elementor-section-boxed elementor-section-height-default elementor-section-height-default\" data-id=\"107c342\" data-element_type=\"section\">\n\t\t\t\t\t\t<div class=\"elementor-container elementor-column-gap-no\">\n\t\t\t\t\t\t\t<div class=\"elementor-row\">\n\t\t\t\t\t<div class=\"elementor-column elementor-col-100 elementor-top-column elementor-element elementor-element-6ca15d0\" data-id=\"6ca15d0\" data-element_type=\"column\">\n\t\t\t<div class=\"elementor-column-wrap elementor-element-populated\">\n\t\t\t\t\t\t\t<div class=\"elementor-widget-wrap\">\n\t\t\t\t\t\t<div class=\"elementor-element elementor-element-1c9e787 animated-fast elementor-invisible elementor-widget elementor-widget-heading\" data-id=\"1c9e787\" data-element_type=\"widget\" data-settings=\"{&quot;_animation&quot;:&quot;opal-move-up&quot;}\" data-widget_type=\"heading.default\">\n\t\t\t\t<div class=\"elementor-widget-container\">\n\t\t\t<h2 class=\"elementor-heading-title elementor-size-default\">Produtos<\/h2>\t\t<\/div>\n\t\t\t\t<\/div>\n\t\t\t\t<div class=\"elementor-element elementor-element-2bee36f animated-fast elementor-invisible elementor-widget elementor-widget-text-editor\" data-id=\"2bee36f\" data-element_type=\"widget\" data-settings=\"{&quot;_animation&quot;:&quot;opal-move-up&quot;}\" data-widget_type=\"text-editor.default\">\n\t\t\t\t<div class=\"elementor-widget-container\">\n\t\t\t\t\t<div class=\"elementor-text-editor elementor-clearfix\"><p>Descubra os produtos que temos dispon\u00edveis para envio imediato<\/p><\/div>\n\t\t\t\t<\/div>\n\t\t\t\t<\/div>\n\t\t\t\t<div class=\"elementor-element elementor-element-6559ad2 animated-fast elementor-product-style-1 elementor-invisible elementor-widget elementor-widget-opal-products\" data-id=\"6559ad2\" data-element_type=\"widget\" id=\"products\" data-settings=\"{&quot;_animation&quot;:&quot;opal-move-up&quot;}\" data-widget_type=\"opal-products.default\">\n\t\t\t\t<div class=\"elementor-widget-container\">\n\t\t\t        <div >\n            <div class=\"woocommerce columns-3 \"><ul class=\"products columns-3\">\n<li class=\"product type-product post-5717 status-publish first instock product_cat-distribuicao-urbana product_cat-todos has-post-thumbnail taxable shipping-taxable product-type-simple\">\n\t<div class=\"product-block\"><div class=\"product-transition\"><div class=\"product-img-wrap fade\">\n    <div class=\"inner\">\n        <div class=\"product-image\"><img width=\"450\" height=\"450\" src=\"https:\/\/quadrina.pt\/store\/wp-content\/uploads\/2024\/04\/BRB06100-450x450.jpg\" class=\"attachment-woocommerce_thumbnail size-woocommerce_thumbnail\" alt=\"\" decoding=\"async\" srcset=\"https:\/\/quadrina.pt\/store\/wp-content\/uploads\/2024\/04\/BRB06100-450x450.jpg 450w, https:\/\/quadrina.pt\/store\/wp-content\/uploads\/2024\/04\/BRB06100-150x150.jpg 150w, https:\/\/quadrina.pt\/store\/wp-content\/uploads\/2024\/04\/BRB06100-400x400.jpg 400w, https:\/\/quadrina.pt\/store\/wp-content\/uploads\/2024\/04\/BRB06100-100x100.jpg 100w\" sizes=\"(max-width: 450px) 100vw, 450px\" \/><\/div><div class=\"product-image second-image\"><img width=\"450\" height=\"450\" src=\"https:\/\/quadrina.pt\/store\/wp-content\/uploads\/2024\/04\/BRB06093-450x450.jpg\" class=\"attachment-woocommerce_thumbnail size-woocommerce_thumbnail\" alt=\"\" decoding=\"async\" srcset=\"https:\/\/quadrina.pt\/store\/wp-content\/uploads\/2024\/04\/BRB06093-450x450.jpg 450w, https:\/\/quadrina.pt\/store\/wp-content\/uploads\/2024\/04\/BRB06093-150x150.jpg 150w, https:\/\/quadrina.pt\/store\/wp-content\/uploads\/2024\/04\/BRB06093-400x400.jpg 400w, https:\/\/quadrina.pt\/store\/wp-content\/uploads\/2024\/04\/BRB06093-100x100.jpg 100w\" sizes=\"(max-width: 450px) 100vw, 450px\" \/><\/div>\n    <\/div>\n<\/div><div class=\"product-caption\"><div class=\"shop-action\"><\/div><\/div><a href=\"https:\/\/quadrina.pt\/store\/produto\/quadro-eletrico-de-distribuicao-urbana-2\/\" data-quantity=\"1\" class=\"button wp-element-button product_type_simple\" data-product_id=\"5717\" data-product_sku=\"QDR.URBAN1\" aria-label=\"Leia mais sobre &ldquo;Quadro El\u00e9trico de Distribui\u00e7\u00e3o Urbana&rdquo;\" rel=\"nofollow\">Ler mais<\/a><a href=\"https:\/\/quadrina.pt\/store\/produto\/quadro-eletrico-de-distribuicao-urbana-2\/\" class=\"woocommerce-LoopProduct-link woocommerce-loop-product__link\"><\/a><\/div><div class=\"caption\"><\/div><\/div><\/li>\n<li class=\"product type-product post-5721 status-publish instock product_cat-distribuicao-urbana product_cat-todos has-post-thumbnail taxable shipping-taxable product-type-simple\">\n\t<div class=\"product-block\"><div class=\"product-transition\"><div class=\"product-img-wrap fade\">\n    <div class=\"inner\">\n        <div class=\"product-image\"><img width=\"450\" height=\"450\" src=\"https:\/\/quadrina.pt\/store\/wp-content\/uploads\/2024\/04\/QDR.URBAN2_-450x450.jpg\" class=\"attachment-woocommerce_thumbnail size-woocommerce_thumbnail\" alt=\"\" decoding=\"async\" srcset=\"https:\/\/quadrina.pt\/store\/wp-content\/uploads\/2024\/04\/QDR.URBAN2_-450x450.jpg 450w, https:\/\/quadrina.pt\/store\/wp-content\/uploads\/2024\/04\/QDR.URBAN2_-150x150.jpg 150w, https:\/\/quadrina.pt\/store\/wp-content\/uploads\/2024\/04\/QDR.URBAN2_-400x400.jpg 400w, https:\/\/quadrina.pt\/store\/wp-content\/uploads\/2024\/04\/QDR.URBAN2_-100x100.jpg 100w\" sizes=\"(max-width: 450px) 100vw, 450px\" \/><\/div><div class=\"product-image second-image\"><img width=\"450\" height=\"450\" src=\"https:\/\/quadrina.pt\/store\/wp-content\/uploads\/2024\/04\/urban2-1-450x450.jpg\" class=\"attachment-woocommerce_thumbnail size-woocommerce_thumbnail\" alt=\"\" decoding=\"async\" srcset=\"https:\/\/quadrina.pt\/store\/wp-content\/uploads\/2024\/04\/urban2-1-450x450.jpg 450w, https:\/\/quadrina.pt\/store\/wp-content\/uploads\/2024\/04\/urban2-1-150x150.jpg 150w, https:\/\/quadrina.pt\/store\/wp-content\/uploads\/2024\/04\/urban2-1-400x400.jpg 400w, https:\/\/quadrina.pt\/store\/wp-content\/uploads\/2024\/04\/urban2-1-100x100.jpg 100w\" sizes=\"(max-width: 450px) 100vw, 450px\" \/><\/div>\n    <\/div>\n<\/div><div class=\"product-caption\"><div class=\"shop-action\"><\/div><\/div><a href=\"https:\/\/quadrina.pt\/store\/produto\/quadro-eletrico-de-distribuicao-urbana\/\" data-quantity=\"1\" class=\"button wp-element-button product_type_simple\" data-product_id=\"5721\" data-product_sku=\"QDR.URBAN2\" aria-label=\"Leia mais sobre &ldquo;Quadro El\u00e9trico de Distribui\u00e7\u00e3o Urbana&rdquo;\" rel=\"nofollow\">Ler mais<\/a><a href=\"https:\/\/quadrina.pt\/store\/produto\/quadro-eletrico-de-distribuicao-urbana\/\" class=\"woocommerce-LoopProduct-link woocommerce-loop-product__link\"><\/a><\/div><div class=\"caption\"><\/div><\/div><\/li>\n<li class=\"product type-product post-5660 status-publish last instock product_cat-distribuicao-portatil product_cat-todos has-post-thumbnail taxable shipping-taxable purchasable product-type-simple\">\n\t<div class=\"product-block\"><div class=\"product-transition\"><div class=\"product-img-wrap fade\">\n    <div class=\"inner\">\n        <div class=\"product-image\"><img width=\"450\" height=\"450\" src=\"https:\/\/quadrina.pt\/store\/wp-content\/uploads\/2023\/11\/BRB06046-450x450.jpg\" class=\"attachment-woocommerce_thumbnail size-woocommerce_thumbnail\" alt=\"\" decoding=\"async\" srcset=\"https:\/\/quadrina.pt\/store\/wp-content\/uploads\/2023\/11\/BRB06046-450x450.jpg 450w, https:\/\/quadrina.pt\/store\/wp-content\/uploads\/2023\/11\/BRB06046-150x150.jpg 150w, https:\/\/quadrina.pt\/store\/wp-content\/uploads\/2023\/11\/BRB06046-400x400.jpg 400w, https:\/\/quadrina.pt\/store\/wp-content\/uploads\/2023\/11\/BRB06046-100x100.jpg 100w\" sizes=\"(max-width: 450px) 100vw, 450px\" \/><\/div><div class=\"product-image second-image\"><img width=\"450\" height=\"450\" src=\"https:\/\/quadrina.pt\/store\/wp-content\/uploads\/2023\/11\/BRB06052-450x450.jpg\" class=\"attachment-woocommerce_thumbnail size-woocommerce_thumbnail\" alt=\"\" decoding=\"async\" srcset=\"https:\/\/quadrina.pt\/store\/wp-content\/uploads\/2023\/11\/BRB06052-450x450.jpg 450w, https:\/\/quadrina.pt\/store\/wp-content\/uploads\/2023\/11\/BRB06052-150x150.jpg 150w, https:\/\/quadrina.pt\/store\/wp-content\/uploads\/2023\/11\/BRB06052-400x400.jpg 400w, https:\/\/quadrina.pt\/store\/wp-content\/uploads\/2023\/11\/BRB06052-100x100.jpg 100w\" sizes=\"(max-width: 450px) 100vw, 450px\" \/><\/div>\n    <\/div>\n<\/div><div class=\"product-caption\"><div class=\"shop-action\"><\/div><\/div><a href=\"?add-to-cart=5660\" data-quantity=\"1\" class=\"button wp-element-button product_type_simple add_to_cart_button ajax_add_to_cart\" data-product_id=\"5660\" data-product_sku=\"QDR.6\" aria-label=\"Adicionar &ldquo;Quadro El\u00e9trico de Distribui\u00e7\u00e3o Port\u00e1til&rdquo; ao seu cesto\" rel=\"nofollow\">Adicionar<\/a><a href=\"https:\/\/quadrina.pt\/store\/produto\/quadro-eletrico-de-distribuicao-portatil-5\/\" class=\"woocommerce-LoopProduct-link woocommerce-loop-product__link\"><\/a><\/div><div class=\"caption\"><\/div><\/div><\/li>\n<li class=\"product type-product post-5670 status-publish first instock product_cat-todos product_cat-distribuicao-portatil product_cat-eventos has-post-thumbnail taxable shipping-taxable purchasable product-type-simple\">\n\t<div class=\"product-block\"><div class=\"product-transition\"><div class=\"product-img-wrap fade\">\n    <div class=\"inner\">\n        <div class=\"product-image\"><img width=\"450\" height=\"450\" src=\"https:\/\/quadrina.pt\/store\/wp-content\/uploads\/2023\/11\/BRB06019-450x450.jpg\" class=\"attachment-woocommerce_thumbnail size-woocommerce_thumbnail\" alt=\"\" decoding=\"async\" srcset=\"https:\/\/quadrina.pt\/store\/wp-content\/uploads\/2023\/11\/BRB06019-450x450.jpg 450w, https:\/\/quadrina.pt\/store\/wp-content\/uploads\/2023\/11\/BRB06019-150x150.jpg 150w, https:\/\/quadrina.pt\/store\/wp-content\/uploads\/2023\/11\/BRB06019-400x400.jpg 400w, https:\/\/quadrina.pt\/store\/wp-content\/uploads\/2023\/11\/BRB06019-100x100.jpg 100w\" sizes=\"(max-width: 450px) 100vw, 450px\" \/><\/div><div class=\"product-image second-image\"><img width=\"450\" height=\"450\" src=\"https:\/\/quadrina.pt\/store\/wp-content\/uploads\/2023\/11\/BRB06019-450x450.jpg\" class=\"attachment-woocommerce_thumbnail size-woocommerce_thumbnail\" alt=\"\" decoding=\"async\" srcset=\"https:\/\/quadrina.pt\/store\/wp-content\/uploads\/2023\/11\/BRB06019-450x450.jpg 450w, https:\/\/quadrina.pt\/store\/wp-content\/uploads\/2023\/11\/BRB06019-150x150.jpg 150w, https:\/\/quadrina.pt\/store\/wp-content\/uploads\/2023\/11\/BRB06019-400x400.jpg 400w, https:\/\/quadrina.pt\/store\/wp-content\/uploads\/2023\/11\/BRB06019-100x100.jpg 100w\" sizes=\"(max-width: 450px) 100vw, 450px\" \/><\/div>\n    <\/div>\n<\/div><div class=\"product-caption\"><div class=\"shop-action\"><\/div><\/div><a href=\"?add-to-cart=5670\" data-quantity=\"1\" class=\"button wp-element-button product_type_simple add_to_cart_button ajax_add_to_cart\" data-product_id=\"5670\" data-product_sku=\"QDR.EVENTOS1\" aria-label=\"Adicionar &ldquo;Quadro El\u00e9trico de Distribui\u00e7\u00e3o Port\u00e1til&rdquo; ao seu cesto\" rel=\"nofollow\">Adicionar<\/a><a href=\"https:\/\/quadrina.pt\/store\/produto\/quadro-eletrico-de-distribuicao-portatil-4\/\" class=\"woocommerce-LoopProduct-link woocommerce-loop-product__link\"><\/a><\/div><div class=\"caption\"><\/div><\/div><\/li>\n<li class=\"product type-product post-5236 status-publish instock product_cat-distribuicao-portatil product_cat-todos has-post-thumbnail taxable shipping-taxable purchasable product-type-simple\">\n\t<div class=\"product-block\"><div class=\"product-transition\"><div class=\"product-img-wrap fade\">\n    <div class=\"inner\">\n        <div class=\"product-image\"><img width=\"450\" height=\"450\" src=\"https:\/\/quadrina.pt\/store\/wp-content\/uploads\/2023\/01\/GD7D876744622-450x450.jpg\" class=\"attachment-woocommerce_thumbnail size-woocommerce_thumbnail\" alt=\"\" decoding=\"async\" srcset=\"https:\/\/quadrina.pt\/store\/wp-content\/uploads\/2023\/01\/GD7D876744622-450x450.jpg 450w, https:\/\/quadrina.pt\/store\/wp-content\/uploads\/2023\/01\/GD7D876744622-100x100.jpg 100w, https:\/\/quadrina.pt\/store\/wp-content\/uploads\/2023\/01\/GD7D876744622-600x600.jpg 600w, https:\/\/quadrina.pt\/store\/wp-content\/uploads\/2023\/01\/GD7D876744622-300x300.jpg 300w, https:\/\/quadrina.pt\/store\/wp-content\/uploads\/2023\/01\/GD7D876744622-1024x1024.jpg 1024w, https:\/\/quadrina.pt\/store\/wp-content\/uploads\/2023\/01\/GD7D876744622-150x150.jpg 150w, https:\/\/quadrina.pt\/store\/wp-content\/uploads\/2023\/01\/GD7D876744622-768x768.jpg 768w, https:\/\/quadrina.pt\/store\/wp-content\/uploads\/2023\/01\/GD7D876744622-400x400.jpg 400w, https:\/\/quadrina.pt\/store\/wp-content\/uploads\/2023\/01\/GD7D876744622.jpg 1200w\" sizes=\"(max-width: 450px) 100vw, 450px\" \/><\/div><div class=\"product-image second-image\"><img width=\"450\" height=\"450\" src=\"https:\/\/quadrina.pt\/store\/wp-content\/uploads\/2023\/01\/Quadro-de-distribuicao-portatil-QDR1-PSSO70.22.22.108-1-2-1-450x450.jpg\" class=\"attachment-woocommerce_thumbnail size-woocommerce_thumbnail\" alt=\"\" decoding=\"async\" srcset=\"https:\/\/quadrina.pt\/store\/wp-content\/uploads\/2023\/01\/Quadro-de-distribuicao-portatil-QDR1-PSSO70.22.22.108-1-2-1-450x450.jpg 450w, https:\/\/quadrina.pt\/store\/wp-content\/uploads\/2023\/01\/Quadro-de-distribuicao-portatil-QDR1-PSSO70.22.22.108-1-2-1-100x100.jpg 100w, https:\/\/quadrina.pt\/store\/wp-content\/uploads\/2023\/01\/Quadro-de-distribuicao-portatil-QDR1-PSSO70.22.22.108-1-2-1-600x600.jpg 600w, https:\/\/quadrina.pt\/store\/wp-content\/uploads\/2023\/01\/Quadro-de-distribuicao-portatil-QDR1-PSSO70.22.22.108-1-2-1-300x300.jpg 300w, https:\/\/quadrina.pt\/store\/wp-content\/uploads\/2023\/01\/Quadro-de-distribuicao-portatil-QDR1-PSSO70.22.22.108-1-2-1-1024x1024.jpg 1024w, https:\/\/quadrina.pt\/store\/wp-content\/uploads\/2023\/01\/Quadro-de-distribuicao-portatil-QDR1-PSSO70.22.22.108-1-2-1-150x150.jpg 150w, https:\/\/quadrina.pt\/store\/wp-content\/uploads\/2023\/01\/Quadro-de-distribuicao-portatil-QDR1-PSSO70.22.22.108-1-2-1-768x768.jpg 768w, https:\/\/quadrina.pt\/store\/wp-content\/uploads\/2023\/01\/Quadro-de-distribuicao-portatil-QDR1-PSSO70.22.22.108-1-2-1-1536x1536.jpg 1536w, https:\/\/quadrina.pt\/store\/wp-content\/uploads\/2023\/01\/Quadro-de-distribuicao-portatil-QDR1-PSSO70.22.22.108-1-2-1-2048x2048.jpg 2048w, https:\/\/quadrina.pt\/store\/wp-content\/uploads\/2023\/01\/Quadro-de-distribuicao-portatil-QDR1-PSSO70.22.22.108-1-2-1-400x400.jpg 400w\" sizes=\"(max-width: 450px) 100vw, 450px\" \/><\/div>\n    <\/div>\n<\/div><div class=\"product-caption\"><div class=\"shop-action\"><\/div><\/div><a href=\"?add-to-cart=5236\" data-quantity=\"1\" class=\"button wp-element-button product_type_simple add_to_cart_button ajax_add_to_cart\" data-product_id=\"5236\" data-product_sku=\"pSSO70.22.22.108-1\" aria-label=\"Adicionar &ldquo;Quadro El\u00e9trico de Distribui\u00e7\u00e3o Port\u00e1til&rdquo; ao seu cesto\" rel=\"nofollow\">Adicionar<\/a><a href=\"https:\/\/quadrina.pt\/store\/produto\/quadro-eletrico-de-distribuicao-portatil\/\" class=\"woocommerce-LoopProduct-link woocommerce-loop-product__link\"><\/a><\/div><div class=\"caption\"><\/div><\/div><\/li>\n<li class=\"product type-product post-5238 status-publish last instock product_cat-distribuicao-portatil product_cat-todos has-post-thumbnail taxable shipping-taxable purchasable product-type-simple\">\n\t<div class=\"product-block\"><div class=\"product-transition\"><div class=\"product-img-wrap fade\">\n    <div class=\"inner\">\n        <div class=\"product-image\"><img width=\"450\" height=\"450\" src=\"https:\/\/quadrina.pt\/store\/wp-content\/uploads\/2023\/01\/Quadro-de-distribuicao-portatil-QDR2-PSSO70.22.22.108-2-1-450x450.jpg\" class=\"attachment-woocommerce_thumbnail size-woocommerce_thumbnail\" alt=\"\" decoding=\"async\" srcset=\"https:\/\/quadrina.pt\/store\/wp-content\/uploads\/2023\/01\/Quadro-de-distribuicao-portatil-QDR2-PSSO70.22.22.108-2-1-450x450.jpg 450w, https:\/\/quadrina.pt\/store\/wp-content\/uploads\/2023\/01\/Quadro-de-distribuicao-portatil-QDR2-PSSO70.22.22.108-2-1-100x100.jpg 100w, https:\/\/quadrina.pt\/store\/wp-content\/uploads\/2023\/01\/Quadro-de-distribuicao-portatil-QDR2-PSSO70.22.22.108-2-1-600x600.jpg 600w, https:\/\/quadrina.pt\/store\/wp-content\/uploads\/2023\/01\/Quadro-de-distribuicao-portatil-QDR2-PSSO70.22.22.108-2-1-300x300.jpg 300w, https:\/\/quadrina.pt\/store\/wp-content\/uploads\/2023\/01\/Quadro-de-distribuicao-portatil-QDR2-PSSO70.22.22.108-2-1-1024x1024.jpg 1024w, https:\/\/quadrina.pt\/store\/wp-content\/uploads\/2023\/01\/Quadro-de-distribuicao-portatil-QDR2-PSSO70.22.22.108-2-1-150x150.jpg 150w, https:\/\/quadrina.pt\/store\/wp-content\/uploads\/2023\/01\/Quadro-de-distribuicao-portatil-QDR2-PSSO70.22.22.108-2-1-768x768.jpg 768w, https:\/\/quadrina.pt\/store\/wp-content\/uploads\/2023\/01\/Quadro-de-distribuicao-portatil-QDR2-PSSO70.22.22.108-2-1-1536x1536.jpg 1536w, https:\/\/quadrina.pt\/store\/wp-content\/uploads\/2023\/01\/Quadro-de-distribuicao-portatil-QDR2-PSSO70.22.22.108-2-1-2048x2048.jpg 2048w, https:\/\/quadrina.pt\/store\/wp-content\/uploads\/2023\/01\/Quadro-de-distribuicao-portatil-QDR2-PSSO70.22.22.108-2-1-400x400.jpg 400w\" sizes=\"(max-width: 450px) 100vw, 450px\" \/><\/div><div class=\"product-image second-image\"><img width=\"450\" height=\"450\" src=\"https:\/\/quadrina.pt\/store\/wp-content\/uploads\/2023\/01\/Quadro-de-distribuicao-portatil-QDR2-PSSO70.22.22.108-2-3-450x450.jpg\" class=\"attachment-woocommerce_thumbnail size-woocommerce_thumbnail\" alt=\"\" decoding=\"async\" srcset=\"https:\/\/quadrina.pt\/store\/wp-content\/uploads\/2023\/01\/Quadro-de-distribuicao-portatil-QDR2-PSSO70.22.22.108-2-3-450x450.jpg 450w, https:\/\/quadrina.pt\/store\/wp-content\/uploads\/2023\/01\/Quadro-de-distribuicao-portatil-QDR2-PSSO70.22.22.108-2-3-100x100.jpg 100w, https:\/\/quadrina.pt\/store\/wp-content\/uploads\/2023\/01\/Quadro-de-distribuicao-portatil-QDR2-PSSO70.22.22.108-2-3-600x600.jpg 600w, https:\/\/quadrina.pt\/store\/wp-content\/uploads\/2023\/01\/Quadro-de-distribuicao-portatil-QDR2-PSSO70.22.22.108-2-3-300x300.jpg 300w, https:\/\/quadrina.pt\/store\/wp-content\/uploads\/2023\/01\/Quadro-de-distribuicao-portatil-QDR2-PSSO70.22.22.108-2-3-1024x1024.jpg 1024w, https:\/\/quadrina.pt\/store\/wp-content\/uploads\/2023\/01\/Quadro-de-distribuicao-portatil-QDR2-PSSO70.22.22.108-2-3-150x150.jpg 150w, https:\/\/quadrina.pt\/store\/wp-content\/uploads\/2023\/01\/Quadro-de-distribuicao-portatil-QDR2-PSSO70.22.22.108-2-3-768x768.jpg 768w, https:\/\/quadrina.pt\/store\/wp-content\/uploads\/2023\/01\/Quadro-de-distribuicao-portatil-QDR2-PSSO70.22.22.108-2-3-1536x1536.jpg 1536w, https:\/\/quadrina.pt\/store\/wp-content\/uploads\/2023\/01\/Quadro-de-distribuicao-portatil-QDR2-PSSO70.22.22.108-2-3-2048x2048.jpg 2048w, https:\/\/quadrina.pt\/store\/wp-content\/uploads\/2023\/01\/Quadro-de-distribuicao-portatil-QDR2-PSSO70.22.22.108-2-3-400x400.jpg 400w\" sizes=\"(max-width: 450px) 100vw, 450px\" \/><\/div>\n    <\/div>\n<\/div><div class=\"product-caption\"><div class=\"shop-action\"><\/div><\/div><a href=\"?add-to-cart=5238\" data-quantity=\"1\" class=\"button wp-element-button product_type_simple add_to_cart_button ajax_add_to_cart\" data-product_id=\"5238\" data-product_sku=\"pSSO70.22.22.108-2\" aria-label=\"Adicionar &ldquo;Quadro El\u00e9trico de Distribui\u00e7\u00e3o Port\u00e1til&rdquo; ao seu cesto\" rel=\"nofollow\">Adicionar<\/a><a href=\"https:\/\/quadrina.pt\/store\/produto\/quadro-eletrico-de-distribuicao-portatil-2\/\" class=\"woocommerce-LoopProduct-link woocommerce-loop-product__link\"><\/a><\/div><div class=\"caption\"><\/div><\/div><\/li>\n<\/ul>\n<\/div>        <\/div>\n        \t\t<\/div>\n\t\t\t\t<\/div>\n\t\t\t\t<div data-dce-background-color=\"rgba(249,212,189,0)\" class=\"elementor-element elementor-element-6ff4776 elementor-align-center animated-fast elementor-invisible elementor-widget elementor-widget-button\" data-id=\"6ff4776\" data-element_type=\"widget\" data-settings=\"{&quot;_animation&quot;:&quot;opal-scale-up&quot;}\" data-widget_type=\"button.default\">\n\t\t\t\t<div class=\"elementor-widget-container\">\n\t\t\t\t\t<div class=\"elementor-button-wrapper\">\n\t\t\t<a href=\"https:\/\/quadrina.pt\/store\/produtos\/\" class=\"elementor-button-link elementor-button elementor-size-sm\" role=\"button\">\n\t\t\t\t\t\t<span class=\"elementor-button-content-wrapper\">\n\t\t\t\t\t\t<span class=\"elementor-button-text\">Ver todos os produtos<\/span>\n\t\t<\/span>\n\t\t\t\t\t<\/a>\n\t\t<\/div>\n\t\t\t\t<\/div>\n\t\t\t\t<\/div>\n\t\t\t\t\t\t<\/div>\n\t\t\t\t\t<\/div>\n\t\t<\/div>\n\t\t\t\t\t\t\t\t<\/div>\n\t\t\t\t\t<\/div>\n\t\t<\/section>\n\t\t\t\t\t\t\t\t\t<\/div>\n\t\t\t<\/div>\n\t\t\t\t\t<\/div>\n\t\t","protected":false},"excerpt":{"rendered":"<p>Loja online Quadrina Ver produtos Produtos Descubra os produtos que temos dispon\u00edveis para envio imediato Adicionar Quadro El\u00e9trico de Distribui\u00e7\u00e3o Port\u00e1til \u20ac349.00 Adicionar Quadro El\u00e9trico de Distribui\u00e7\u00e3o Port\u00e1til \u20ac347.00 Adicionar Quadro El\u00e9trico de Distribui\u00e7\u00e3o Port\u00e1til \u20ac1,655.45 Adicionar Quadro El\u00e9trico de Distribui\u00e7\u00e3o Port\u00e1til de Energia e WIFI \u20ac799.57 Adicionar Quadro Controlador de Fases para Sistema Fotovoltaico &hellip; <\/p>\n<p class=\"link-more\"><a href=\"https:\/\/quadrina.pt\/store\/\" class=\"more-link\">Read More <span class=\"screen-reader-text\"> &#8220;Home&#8221;<\/span><\/a><\/p>\n","protected":false},"author":3,"featured_media":0,"parent":0,"menu_order":0,"comment_status":"closed","ping_status":"closed","template":"","meta":{"inline_featured_image":false},"_links":{"self":[{"href":"https:\/\/quadrina.pt\/store\/wp-json\/wp\/v2\/pages\/1226"}],"collection":[{"href":"https:\/\/quadrina.pt\/store\/wp-json\/wp\/v2\/pages"}],"about":[{"href":"https:\/\/quadrina.pt\/store\/wp-json\/wp\/v2\/types\/page"}],"author":[{"embeddable":true,"href":"https:\/\/quadrina.pt\/store\/wp-json\/wp\/v2\/users\/3"}],"replies":[{"embeddable":true,"href":"https:\/\/quadrina.pt\/store\/wp-json\/wp\/v2\/comments?post=1226"}],"version-history":[{"count":18,"href":"https:\/\/quadrina.pt\/store\/wp-json\/wp\/v2\/pages\/1226\/revisions"}],"predecessor-version":[{"id":5485,"href":"https:\/\/quadrina.pt\/store\/wp-json\/wp\/v2\/pages\/1226\/revisions\/5485"}],"wp:attachment":[{"href":"https:\/\/quadrina.pt\/store\/wp-json\/wp\/v2\/media?parent=1226"}],"curies":[{"name":"wp","href":"https:\/\/api.w.org\/{rel}","templated":true}]}}