{"id":3,"date":"2020-03-20T20:32:29","date_gmt":"2020-03-20T20:32:29","guid":{"rendered":"https:\/\/quadrina.pt\/store\/?page_id=3"},"modified":"2023-02-06T12:51:03","modified_gmt":"2023-02-06T12:51:03","slug":"politica-de-privacidade","status":"publish","type":"page","link":"https:\/\/quadrina.pt\/store\/politica-de-privacidade\/","title":{"rendered":"Pol\u00edtica de Privacidade &#038; Cookies"},"content":{"rendered":"\n<h3>Pol\u00edtica de Privacidade<\/h3>\n\n\n\n<p>Nos termos do Regulamento Geral de Prote\u00e7\u00e3o de Dados (RGPD) &#8211; Regulamento (UE) 2016\/679 do Parlamento Europeu e do Conselho \u2013 todos os dados pessoais fornecidos estar\u00e3o sujeitos a tratamento inform\u00e1tico e constar\u00e3o nas bases de dados da QUADRINA. Assim, todos os dados pessoais recolhidos ser\u00e3o processados em cumprimento do disposto no RGPD, de forma a ser assegurada a confidencialidade e seguran\u00e7a dos dados pessoais fornecidos. Pelo que, salvo imposi\u00e7\u00e3o legal, estes n\u00e3o ser\u00e3o fornecidos a qualquer outra entidade.<\/p>\n\n\n\n<p>Salvaguardar os seus dados pessoais \u00e9 uma quest\u00e3o importante e QUADRINA quer que se sinta seguro ao visitar o nosso website. A prote\u00e7\u00e3o da sua privacidade \u00e9 fundamental durante o processamento dos seus dados pessoais.<\/p>\n\n\n\n<p>A utiliza\u00e7\u00e3o do site depende da sua aceita\u00e7\u00e3o, sem quaisquer reservas, condi\u00e7\u00f5es ou modifica\u00e7\u00f5es. A disponibiliza\u00e7\u00e3o dos seus dados pessoais implica o conhecimento e aceita\u00e7\u00e3o das condi\u00e7\u00f5es aqui constantes. Assim, ao disponibilizar os seus dados pessoais, est\u00e1 a autorizar a recolha, uso e divulga\u00e7\u00e3o dos mesmos entre as empresas que fazem parte da QUADRINA, de acordo com as regras aqui definidas, designadamente a n\u00e3o utilizar informa\u00e7\u00e3o relativa aos utilizadores e que tenha sido por estes facultadas sem a sua autoriza\u00e7\u00e3o, exceto para os fins a que esta se destina;<\/p>\n\n\n\n<p>No \u00e2mbito da sua atividade, a QUADRINA procede \u00e0 recolha e ao tratamento de dados pessoais, designadamente necess\u00e1rios \u00e0 presta\u00e7\u00e3o de servi\u00e7os e \u00e0 prossecu\u00e7\u00e3o da sua atividade comercial. Em geral, os dados pessoais recolhidos destinam-se \u00e0 gest\u00e3o da rela\u00e7\u00e3o contratual, presta\u00e7\u00e3o dos servi\u00e7os contratados, \u00e0 adapta\u00e7\u00e3o dos servi\u00e7os \u00e0s necessidades e interesses do Cliente, a a\u00e7\u00f5es de informa\u00e7\u00e3o, marketing entre outras finalidades. A entidade respons\u00e1vel pela recolha e tratamento dos dados pessoais \u00e9 a empresa da QUADRINA que presta o servi\u00e7o e que no contexto decide quais os dados recolhidos, os meios de tratamento dos dados e para que finalidades s\u00e3o utilizados.<\/p>\n\n\n\n<p>Os nossos colaboradores est\u00e3o obrigados a um compromisso de confidencialidade e absoluto sigilo sobre os dados a que ir\u00e3o ter acesso comprometendo-se a utiliz\u00e1-los dentro do estrito fim para o qual foram recolhidos.<\/p>\n\n\n\n<p>A QUADRINA respeita as melhores pr\u00e1ticas no dom\u00ednio da seguran\u00e7a e da prote\u00e7\u00e3o dos dados pessoais, tendo para o efeito em curso medidas razoavelmente exig\u00edveis de acordo com os conhecimentos t\u00e9cnicos atuais para evitar a perda, mau uso, altera\u00e7\u00e3o, intrus\u00e3o ileg\u00edtima e subtra\u00e7\u00e3o dos dados pessoais. No entanto, adverte que nenhum m\u00e9todo de transmiss\u00e3o ou armazenamento eletr\u00f3nico \u00e9 totalmente seguro, pelo que a QUADRINA n\u00e3o poder\u00e1 garantir que os mesmos n\u00e3o sejam visualizados por terceiros.<\/p>\n\n\n\n<p>O per\u00edodo de tempo durante o qual os dados s\u00e3o armazenados e conservados varia de acordo com a finalidade para a qual a informa\u00e7\u00e3o \u00e9 tratada. Nos casos em que n\u00e3o exista uma exig\u00eancia legal espec\u00edfica, os dados ser\u00e3o armazenados e conservados pelo per\u00edodo m\u00ednimo necess\u00e1rio para as finalidades que motivaram a sua recolha ou tratamento ou pelo espa\u00e7o de tempo autorizado pela Comiss\u00e3o Nacional de Prote\u00e7\u00e3o de Dados.<\/p>\n\n\n\n<p>Conforme disposto no Regulamento da Prote\u00e7\u00e3o de Dados, o titular dos dados pessoais fornecidos poder\u00e1, a todo o tempo, exercer o seu direito de acesso, retifica\u00e7\u00e3o e anula\u00e7\u00e3o de qualquer dado pessoal fornecido, podendo aquele direito ser exercido atrav\u00e9s do email: privacidade@quadrina.pt, ou por pedido por escrito para a Praceta Padre Sena de Freitas, 46\/52 R\/C, 4700-239 Braga.<\/p>\n\n\n\n<p>Qualquer formul\u00e1rio deste site admite a inscri\u00e7\u00e3o na base de dados da QUADRINA segundo os princ\u00edpios referidos neste ponto<\/p>\n\n\n\n<h3>Pol\u00edtica de Cookies<\/h3>\n\n\n\n<p>Os cookies utilizados no nosso website, servem para melhorar o desempenho e a sua experi\u00eancia como utilizador. Cookies s\u00e3o ficheiros de texto de pequena dimens\u00e3o, guardados no seu dispositivo, que servem para recolher informa\u00e7\u00e3o sobre o mesmo e sobre da sua experi\u00eancia de utiliza\u00e7\u00e3o.<\/p>\n\n\n\n<p>Esta informa\u00e7\u00e3o \u00e9 usada para registar visitas e estat\u00edsticas sobre a atividade dos utilizadores no website.<\/p>\n\n\n\n<p>Os titulares deste dom\u00ednio n\u00e3o usam a informa\u00e7\u00e3o alojada nestes ficheiros para efeitos comerciais com terceiros, nem os cookies armazenam dados que possam ser utilizados para efeitos de marketing.<\/p>\n\n\n\n<p>Ao navegar neste website, estar\u00e1 a consentir a utiliza\u00e7\u00e3o e armazenamento de cookies no seu dispositivo. A maioria dos browsers aceita automaticamente os cookies. Poder\u00e1 evitar que sejam armazenados no seu dispositivo ao definir o seu browser para n\u00e3o aceitar cookies. Os cookies armazenados no seu dispositivo podem ser eliminados a qualquer momento.<\/p>\n\n\n\n<p><strong>Qual \u00e9 a finalidade dos cookies?<\/strong><\/p>\n\n\n\n<p>Os cookies ajudam-no a tirar o m\u00e1ximo proveito dos nossos websites, estes servem para ajudar a determinar a utilidade, interesse e o n\u00famero de utiliza\u00e7\u00f5es dos websites, permitindo uma navega\u00e7\u00e3o mais r\u00e1pida e eficiente, e eliminando assim a necessidade de introduzir repetidamente as mesmas informa\u00e7\u00f5es.<\/p>\n\n\n\n<p><strong>Que tipos de cookies utilizamos?<\/strong><\/p>\n\n\n\n<p><strong>Cookies essenciais:<\/strong>&nbsp;Permitem a navega\u00e7\u00e3o no website e a utiliza\u00e7\u00e3o das suas aplica\u00e7\u00f5es, permitindo tamb\u00e9m aceder a \u00e1reas seguras do website. Sem estes cookies, os servi\u00e7os, que tenha requerido, n\u00e3o podem ser prestados.<\/p>\n\n\n\n<p><strong>Cookies Anal\u00edticos:<\/strong>&nbsp;S\u00e3o utilizados para analisar a forma como os utilizadores usam o website e monitorar a performance do mesmo. Isto permite-nos fornecer uma experi\u00eancia de alta qualidade ao personalizar a nossa oferta e rapidamente identificar e corrigir quaisquer problemas que sejam identificados. Estes cookies s\u00e3o utilizados apenas para efeitos de cria\u00e7\u00e3o e an\u00e1lise estat\u00edstica, sem nunca recolher informa\u00e7\u00e3o de car\u00e1cter pessoal.<\/p>\n\n\n\n<p><strong>Cookies de Funcionalidade:<\/strong>&nbsp;Guardam as prefer\u00eancias do utilizador relativamente \u00e0 utiliza\u00e7\u00e3o do website, de maneira a que n\u00e3o seja necess\u00e1rio voltar a configurar o website cada vez que o visita.<\/p>\n\n\n\n<p><strong>Cookies de Terceiros:<\/strong>&nbsp;Medem o sucesso de aplica\u00e7\u00f5es e a efic\u00e1cia da publicidade de terceiros. Podem tamb\u00e9m ser utilizados no sentido de personalizar um widget com dados do utilizador.<\/p>\n\n\n\n<p><strong>Os cookies podem ser:<\/strong><\/p>\n\n\n\n<p>Permanentes \u2013 Permanecem armazenados, por tempo vari\u00e1vel, ao n\u00edvel do navegador de internet (browser) nos seus dispositivos de acesso (pc, mobile e tablet) e s\u00e3o utilizados sempre que o utilizador fizer uma nova visita ao website. Geralmente s\u00e3o utilizados para direcionar a navega\u00e7\u00e3o de acordo com os interesses do utilizador, permitindo-nos prestar um servi\u00e7o mais personalizado.<\/p>\n\n\n\n<p>De Sess\u00e3o \u2013 S\u00e3o tempor\u00e1rios, permanecem nos cookies do seu navegador de internet (browser) at\u00e9 sair do website. A informa\u00e7\u00e3o obtida permite identificar problemas e fornecer uma melhor experiencia de navega\u00e7\u00e3o.<\/p>\n\n\n\n<p><strong>Gest\u00e3o dos cookies:<\/strong><\/p>\n\n\n\n<p>Certos cookies s\u00e3o eliminados assim que feche o separador ou o browser (dependendo do browser que utiliza), certos cookies s\u00e3o renovados a cada visita e certos cookies s\u00e3o eliminados ap\u00f3s um per\u00edodo de tempo.<\/p>\n\n\n\n<p>Pode configurar os dispositivos e browsers que utiliza para rejeitarem todos ou alguns dos cookies.<\/p>\n\n\n\n<p>O m\u00e9todo mais usual \u00e9 a navega\u00e7\u00e3o an\u00f3nima.<\/p>\n\n\n\n<p>Informa\u00e7\u00f5es sobre \u201cNavega\u00e7\u00e3o como Inc\u00f3gnito\u201d e gest\u00e3o de Cookies no browser Chrome:&nbsp;<a href=\"https:\/\/support.google.com\/chrome\/answer\/95647?hl=en\" target=\"_blank\" rel=\"noopener\">https:\/\/support.google.com\/chrome\/answer\/95647?hl=en<\/a><\/p>\n\n\n\n<p>Informa\u00e7\u00f5es sobre \u201cNavega\u00e7\u00e3o Privada\u201d e gest\u00e3o de Cookies no browser Firefox:&nbsp;<a href=\"https:\/\/support.mozilla.org\/en-US\/kb\/enable-and-disable-cookies-website-preferences\" target=\"_blank\" rel=\"noopener\">https:\/\/support.mozilla.org\/en-US\/kb\/enable-and-disable-cookies-website-preferences<\/a><\/p>\n\n\n\n<p>Informa\u00e7\u00f5es sobre \u201cNavega\u00e7\u00e3o Privada\u201d e gest\u00e3o de Cookies a partir do Safari:&nbsp;<a href=\"https:\/\/support.apple.com\/kb\/ph21411?locale=en_US\" target=\"_blank\" rel=\"noopener\">https:\/\/support.apple.com\/kb\/ph21411?locale=en_US<\/a><\/p>\n\n\n\n<p>Informa\u00e7\u00f5es sobre \u201cNavega\u00e7\u00e3o Privada\u201d e gest\u00e3o de Cookies a partir do browser Internet Explorer:&nbsp;<a href=\"https:\/\/support.microsoft.com\/pt-pt\/help\/17442\/windows-internet-explorer-delete-manage-cookies\" target=\"_blank\" rel=\"noopener\">https:\/\/support.microsoft.com\/pt-pt\/help\/17442\/windows-internet-explorer-delete-manage-cookies<\/a><\/p>\n\n\n\n<p>Pode tamb\u00e9m obter mais informa\u00e7\u00f5es sobre como controlar os cookies aqui:&nbsp;<a href=\"https:\/\/www.aboutcookies.org\/how-to-control-cookies\/\" target=\"_blank\" rel=\"noopener\">https:\/\/www.aboutcookies.org\/how-to-control-cookies\/<\/a><\/p>\n\n\n\n<p>Para gerir os cookies no browser Chrome:&nbsp;<a href=\"https:\/\/support.google.com\/chrome\/answer\/95647\" target=\"_blank\" rel=\"noopener\">https:\/\/support.google.com\/chrome\/answer\/95647<\/a><\/p>\n\n\n\n<p>Para gerir os cookies no browser Firefox:&nbsp;<a href=\"https:\/\/support.mozilla.org\/pt-PT\/kb\/ativar-e-desativar-cookies-que-os-websites-utiliza\" target=\"_blank\" rel=\"noopener\">https:\/\/support.mozilla.org\/pt-PT\/kb\/ativar-e-desativar-cookies-que-os-websites-utiliza<\/a><\/p>\n\n\n\n<p>Para gerir os cookies no browser Safari:&nbsp;<a href=\"https:\/\/support.apple.com\/kb\/ph21411?locale=pt_PT\" target=\"_blank\" rel=\"noopener\">https:\/\/support.apple.com\/kb\/ph21411?locale=pt_PT<\/a><\/p>\n\n\n\n<p>Para gerir os cookies no browser Internet Explorer:&nbsp;<a href=\"https:\/\/support.microsoft.com\/pt-pt\/help\/17442\/windows-internet-explorer-delete-manage-cookies\" target=\"_blank\" rel=\"noopener\">https:\/\/support.microsoft.com\/pt-pt\/help\/17442\/windows-internet-explorer-delete-manage-cookies<\/a><\/p>\n\n\n\n<p>Para informa\u00e7\u00f5es sobre como eliminar cookies em outros browsers:&nbsp;<a href=\"https:\/\/www.aboutcookies.org\/how-to-delete-cookies\/\" target=\"_blank\" rel=\"noopener\">https:\/\/www.aboutcookies.org\/how-to-delete-cookies\/<\/a><\/p>\n\n\n\n<p>Caso tome a a\u00e7\u00e3o de bloquear ou eliminar cookies neste dom\u00ednio, estar\u00e1 a restringir uma parte significativa das funcionalidades disponibilizadas que poder\u00e3o resultar num comportamento inesperado.<\/p>\n\n\n\n<p>Para obter mais informa\u00e7\u00f5es sobre cookies e a respetiva utiliza\u00e7\u00e3o, sugerimos que consulte os seguintes links, que apenas se encontram em vers\u00e3o inglesa:<\/p>\n\n\n\n<p><a href=\"https:\/\/www.quadrina.pt\/pt\/politica-de-privacidade\">www.allaboutcookies.org<\/a><\/p>\n\n\n\n<p><a href=\"https:\/\/www.aboutcookies.org\" target=\"_blank\" rel=\"noopener\">https:\/\/www.aboutcookies.org<\/a><\/p>\n\n\n\n<p>Para controlar a recolha de informa\u00e7\u00e3o de cookies de terceiros, pode faze-lo aqui:<\/p>\n\n\n\n<p><a href=\"http:\/\/optout.aboutads.info\/\" target=\"_blank\" rel=\"noopener\">http:\/\/optout.aboutads.info<\/a><\/p>\n\n\n\n<p><a href=\"http:\/\/www.youronlinechoices.com\/\" target=\"_blank\" rel=\"noopener\">http:\/\/www.youronlinechoices.com\/<\/a><\/p>\n\n\n\n<p><a href=\"http:\/\/preferences-mgr.truste.com\/\" target=\"_blank\" rel=\"noopener\">TrustArc Preference Manager<\/a><\/p>\n\n\n\n<p>DNT (Do not track) \u00e9 uma norma que n\u00e3o \u00e9 adotada por padr\u00e3o por muitos dos cookies de terceiros. Para saber se a navega\u00e7\u00e3o no seu browser est\u00e1 a sermonitorizada e alterar as suas defini\u00e7\u00f5es, clique aqui:&nbsp;<a href=\"https:\/\/allaboutdnt.com\/\" target=\"_blank\" rel=\"noopener\">https:\/\/allaboutdnt.com\/<\/a><\/p>\n\n\n\n<p><strong>Cookies utilizados:<\/strong><\/p>\n\n\n\n<p><strong>Google Analytics<\/strong><\/p>\n\n\n\n<p>Dura\u00e7\u00e3o: 2 anos<\/p>\n\n\n\n<p>Responsabilidade: Google Inc.<\/p>\n\n\n\n<p>Motivo do uso: Registo de sess\u00e3o, movimenta\u00e7\u00e3o entre p\u00e1ginas e intera\u00e7\u00e3o com conte\u00fados para fins estat\u00edsticos<\/p>\n\n\n\n<p>Mais informa\u00e7\u00f5es e opt-out:&nbsp;<a href=\"http:\/\/tools.google.com\/dlpage\/gaoptout\" target=\"_blank\" rel=\"noopener\">http:\/\/tools.google.com\/dlpage\/gaoptout<\/a><\/p>\n\n\n\n<p><strong>DoubleClick<\/strong><\/p>\n\n\n\n<p>Dura\u00e7\u00e3o: 1 ano<\/p>\n\n\n\n<p>Responsabilidade: Google Inc.<\/p>\n\n\n\n<p>Motivo do uso: Regista as a\u00e7\u00f5es dos utilizadores depois de interagir com an\u00fancios com o prop\u00f3sito de medir e ajustar a efic\u00e1cia de publicidade (Usada apenas pela Google)<\/p>\n\n\n\n<p>Mais informa\u00e7\u00f5es e opt-out:&nbsp;<a href=\"http:\/\/www.google.com\/policies\/technologies\/cookies\/\" target=\"_blank\" rel=\"noopener\">http:\/\/www.google.com\/policies\/technologies\/cookies\/<\/a><\/p>\n\n\n\n<p><strong>Google Maps<\/strong><\/p>\n\n\n\n<p>Dura\u00e7\u00e3o: Sess\u00e3o<\/p>\n\n\n\n<p>Responsabilidade: Google Inc.<\/p>\n\n\n\n<p>Motivo do uso: Recolhe informa\u00e7\u00e3o an\u00f3nima sobre a intera\u00e7\u00e3o com o mapa para efeitos estat\u00edsticos. (Usada apenas pela Google)<\/p>\n\n\n\n<p>Mais informa\u00e7\u00f5es e opt-out:&nbsp;<a href=\"https:\/\/www.google.com\/intl\/pt_pt\/policies\/privacy\/\" target=\"_blank\" rel=\"noopener\">https:\/\/www.google.com\/intl\/pt_pt\/policies\/privacy\/<\/a><\/p>\n\n\n\n<p><strong>ID de sess\u00e3o<\/strong><\/p>\n\n\n\n<p>Dura\u00e7\u00e3o: Sess\u00e3o<\/p>\n\n\n\n<p>Responsabilidade: Pr\u00f3pria<\/p>\n\n\n\n<p>Motivo do uso: Registo an\u00f3nimo mantido durante a sess\u00e3o, desde que entra neste s\u00edtio (websites) at\u00e9 que sai, para memorizar as prefer\u00eancias dos utilizadores.<\/p>\n\n\n\n<p><strong>Cookie Consent<\/strong><\/p>\n\n\n\n<p>Dura\u00e7\u00e3o: 1 ano<\/p>\n\n\n\n<p>Responsabilidade: Pr\u00f3pria<\/p>\n\n\n\n<p>Motivo do uso: Regista o consentimento do utilizador \u00e0 nossa pol\u00edtica de cookies.<\/p>\n","protected":false},"excerpt":{"rendered":"<p>Pol\u00edtica de Privacidade Nos termos do Regulamento Geral de Prote\u00e7\u00e3o de Dados (RGPD) &#8211; Regulamento (UE) 2016\/679 do Parlamento Europeu e do Conselho \u2013 todos os dados pessoais fornecidos estar\u00e3o sujeitos a tratamento inform\u00e1tico e constar\u00e3o nas bases de dados da QUADRINA. Assim, todos os dados pessoais recolhidos ser\u00e3o processados em cumprimento do disposto no &hellip; <\/p>\n<p class=\"link-more\"><a href=\"https:\/\/quadrina.pt\/store\/politica-de-privacidade\/\" class=\"more-link\">Read More <span class=\"screen-reader-text\"> &#8220;Pol\u00edtica de Privacidade &#038; Cookies&#8221;<\/span><\/a><\/p>\n","protected":false},"author":3,"featured_media":0,"parent":0,"menu_order":0,"comment_status":"closed","ping_status":"closed","template":"","meta":{"inline_featured_image":false},"_links":{"self":[{"href":"https:\/\/quadrina.pt\/store\/wp-json\/wp\/v2\/pages\/3"}],"collection":[{"href":"https:\/\/quadrina.pt\/store\/wp-json\/wp\/v2\/pages"}],"about":[{"href":"https:\/\/quadrina.pt\/store\/wp-json\/wp\/v2\/types\/page"}],"author":[{"embeddable":true,"href":"https:\/\/quadrina.pt\/store\/wp-json\/wp\/v2\/users\/3"}],"replies":[{"embeddable":true,"href":"https:\/\/quadrina.pt\/store\/wp-json\/wp\/v2\/comments?post=3"}],"version-history":[{"count":3,"href":"https:\/\/quadrina.pt\/store\/wp-json\/wp\/v2\/pages\/3\/revisions"}],"predecessor-version":[{"id":5353,"href":"https:\/\/quadrina.pt\/store\/wp-json\/wp\/v2\/pages\/3\/revisions\/5353"}],"wp:attachment":[{"href":"https:\/\/quadrina.pt\/store\/wp-json\/wp\/v2\/media?parent=3"}],"curies":[{"name":"wp","href":"https:\/\/api.w.org\/{rel}","templated":true}]}}