{"id":5081,"date":"2020-03-27T17:39:29","date_gmt":"2020-03-27T17:39:29","guid":{"rendered":"https:\/\/quadrina.pt\/store\/?page_id=5081"},"modified":"2023-02-06T12:41:19","modified_gmt":"2023-02-06T12:41:19","slug":"resolucao-alternativa-de-litigios","status":"publish","type":"page","link":"https:\/\/quadrina.pt\/store\/resolucao-alternativa-de-litigios\/","title":{"rendered":"Resolu\u00e7\u00e3o Alternativa de Lit\u00edgios"},"content":{"rendered":"\n<p>Em caso de lit\u00edgio o consumidor pode recorrer a uma Entidade de Resolu\u00e7\u00e3o Alternativa de Lit\u00edgios de Consumo:<\/p>\n\n\n\n<ul>\n<li>Centro de Informa\u00e7\u00e3o e Arbitragem do Vale do Ave (TRIAVE) \u2013 Guimar\u00e3es \u2013 253 422 410<\/li>\n\n\n\n<li>Centro de Informa\u00e7\u00e3o, Media\u00e7\u00e3o e Arbitragem de Consumo do Algarve (CIMAAL) \u2013 289 823 135<\/li>\n\n\n\n<li>Centro de Informa\u00e7\u00e3o e Arbitragem do Vale do C\u00e1vado (CIAB) \u2013 Braga \u2013 253 617 604<\/li>\n\n\n\n<li>Centro de Arbitragem de conflitos de consumo da Regi\u00e3o Aut\u00f3noma da Madeira (CACRAM) \u2013 291 203 800<\/li>\n\n\n\n<li>Centro de Arbitragem de Conflitos de Consumo de Lisboa (CACCL) \u2013 218 80 70 30<\/li>\n\n\n\n<li>Centro de Arbitragem de Conflitos de Consumo do Distrito de Coimbra (CACCDC) \u2013 239 821 690<\/li>\n\n\n\n<li>Centro de Informa\u00e7\u00e3o de Consumo e Arbitragem do Porto (CICAP) \u2013 22 550 83 49<\/li>\n\n\n\n<li>Centro Nacional de Informa\u00e7\u00e3o e Arbitragem de Conflitos de Consumo (CNIACC) \u2013 21 384 74 84<\/li>\n<\/ul>\n\n\n\n<p>Mais informa\u00e7\u00f5es em portal do consumidor:&nbsp;<a href=\"https:\/\/www.consumidor.gov.pt\/\" target=\"_blank\" rel=\"noreferrer noopener\">www.consumidor.pt<\/a><\/p>\n","protected":false},"excerpt":{"rendered":"<p>Em caso de lit\u00edgio o consumidor pode recorrer a uma Entidade de Resolu\u00e7\u00e3o Alternativa de Lit\u00edgios de Consumo: Mais informa\u00e7\u00f5es em portal do consumidor:&nbsp;www.consumidor.pt<\/p>\n","protected":false},"author":3,"featured_media":0,"parent":0,"menu_order":0,"comment_status":"closed","ping_status":"closed","template":"","meta":{"inline_featured_image":false},"_links":{"self":[{"href":"https:\/\/quadrina.pt\/store\/wp-json\/wp\/v2\/pages\/5081"}],"collection":[{"href":"https:\/\/quadrina.pt\/store\/wp-json\/wp\/v2\/pages"}],"about":[{"href":"https:\/\/quadrina.pt\/store\/wp-json\/wp\/v2\/types\/page"}],"author":[{"embeddable":true,"href":"https:\/\/quadrina.pt\/store\/wp-json\/wp\/v2\/users\/3"}],"replies":[{"embeddable":true,"href":"https:\/\/quadrina.pt\/store\/wp-json\/wp\/v2\/comments?post=5081"}],"version-history":[{"count":2,"href":"https:\/\/quadrina.pt\/store\/wp-json\/wp\/v2\/pages\/5081\/revisions"}],"predecessor-version":[{"id":5354,"href":"https:\/\/quadrina.pt\/store\/wp-json\/wp\/v2\/pages\/5081\/revisions\/5354"}],"wp:attachment":[{"href":"https:\/\/quadrina.pt\/store\/wp-json\/wp\/v2\/media?parent=5081"}],"curies":[{"name":"wp","href":"https:\/\/api.w.org\/{rel}","templated":true}]}}