{"id":5177,"date":"2020-03-31T21:40:15","date_gmt":"2020-03-31T21:40:15","guid":{"rendered":"https:\/\/quadrina.pt\/store\/?post_type=product&#038;p=5177"},"modified":"2023-01-23T17:17:53","modified_gmt":"2023-01-23T17:17:53","slug":"quadro-de-distribuicao-portatil-qdr4","status":"publish","type":"product","link":"https:\/\/quadrina.pt\/store\/produto\/quadro-de-distribuicao-portatil-qdr4\/","title":{"rendered":"Quadro El\u00e9trico de Distribui\u00e7\u00e3o Port\u00e1til"},"content":{"rendered":"<p style=\"text-align: center;\"><strong>Grau de prote\u00e7\u00e3o IP:<\/strong> 54<\/p>\n<p style=\"text-align: center;\"><strong>Caracter\u00edsticas:<\/strong><\/p>\n<p style=\"text-align: center;\">Cabo de alimenta\u00e7\u00e3o com ficha 5P 32A ( 5m)<br \/>\nID 4x40A 30 Ma<br \/>\n1un &#8211; 3x32A<br \/>\n3un &#8211; 1X16A<br \/>\n1 x Tomada 5P 16 A<br \/>\n2 x Tomadas 4P 16 A<br \/>\n3 x Schucko 16A<\/p>\n","protected":false},"excerpt":{"rendered":"<ul>\n<li>Compon\u00edvel para v\u00e1rias solu\u00e7\u00f5es t\u00e9cnicas<\/li>\n<li>Elevada resist\u00eancia mec\u00e2nica<\/li>\n<li>Poss\u00edvel personaliza\u00e7\u00e3o com dados do cliente<\/li>\n<li>Constru\u00e7\u00e3o facilitada para transporte<\/li>\n<\/ul>\n","protected":false},"featured_media":5216,"template":"","meta":{"inline_featured_image":false},"product_cat":[66,40],"product_tag":[],"_links":{"self":[{"href":"https:\/\/quadrina.pt\/store\/wp-json\/wp\/v2\/product\/5177"}],"collection":[{"href":"https:\/\/quadrina.pt\/store\/wp-json\/wp\/v2\/product"}],"about":[{"href":"https:\/\/quadrina.pt\/store\/wp-json\/wp\/v2\/types\/product"}],"version-history":[{"count":4,"href":"https:\/\/quadrina.pt\/store\/wp-json\/wp\/v2\/product\/5177\/revisions"}],"predecessor-version":[{"id":5376,"href":"https:\/\/quadrina.pt\/store\/wp-json\/wp\/v2\/product\/5177\/revisions\/5376"}],"wp:featuredmedia":[{"embeddable":true,"href":"https:\/\/quadrina.pt\/store\/wp-json\/wp\/v2\/media\/5216"}],"wp:attachment":[{"href":"https:\/\/quadrina.pt\/store\/wp-json\/wp\/v2\/media?parent=5177"}],"wp:term":[{"taxonomy":"product_cat","embeddable":true,"href":"https:\/\/quadrina.pt\/store\/wp-json\/wp\/v2\/product_cat?post=5177"},{"taxonomy":"product_tag","embeddable":true,"href":"https:\/\/quadrina.pt\/store\/wp-json\/wp\/v2\/product_tag?post=5177"}],"curies":[{"name":"wp","href":"https:\/\/api.w.org\/{rel}","templated":true}]}}