{"id":5238,"date":"2023-01-23T12:02:54","date_gmt":"2023-01-23T12:02:54","guid":{"rendered":"https:\/\/quadrina.pt\/store\/?post_type=product&#038;p=5238"},"modified":"2024-04-26T15:06:09","modified_gmt":"2024-04-26T15:06:09","slug":"quadro-eletrico-de-distribuicao-portatil-2","status":"publish","type":"product","link":"https:\/\/quadrina.pt\/store\/produto\/quadro-eletrico-de-distribuicao-portatil-2\/","title":{"rendered":"Quadro El\u00e9trico de Distribui\u00e7\u00e3o Port\u00e1til"},"content":{"rendered":"<h4>C\u00f3digos:<\/h4>\n<ul>\n<li>Quadro de distribui\u00e7\u00e3o port\u00e1til QDR2 Quadrina<\/li>\n<li>pSSO70.22.22.108-2<\/li>\n<\/ul>\n<h4>Caracter\u00edsticas T\u00e9cnicas<\/h4>\n<ul>\n<li>Un: 400V<\/li>\n<li>In: 32A<\/li>\n<li>Icc: 6kA<\/li>\n<li>Fq: 50Hz<\/li>\n<li>IP: 44<\/li>\n<li>Classe de Isolamento: II<\/li>\n<li>Norma: EN 61439-1\/3<\/li>\n<li>Montagem: Port\u00e1til<\/li>\n<li>Peso: 12 kg<\/li>\n<li>Dimens\u00f5es: 506*330*150 mm<\/li>\n<\/ul>\n<h4>Constituintes<\/h4>\n<ul>\n<li>x1 Ficha CEE 32A 5P<\/li>\n<li>x4 Tomada Schuko 16A<\/li>\n<li>x2 Tomada 32A 5P<\/li>\n<li>x1 Tomada 16A 5P<\/li>\n<\/ul>\n","protected":false},"excerpt":{"rendered":"<p><strong style=\"font-size: 1rem\">QDR2<\/strong><\/p>\n<ul>\n<li>Port\u00e1til e resistente<\/li>\n<li>Produto standard com stock garantido<\/li>\n<li>Solu\u00e7\u00e3o \u201cPlug &amp; Play\u201d<\/li>\n<\/ul>\n","protected":false},"featured_media":5405,"template":"","meta":{"inline_featured_image":false},"product_cat":[66,40],"product_tag":[],"_links":{"self":[{"href":"https:\/\/quadrina.pt\/store\/wp-json\/wp\/v2\/product\/5238"}],"collection":[{"href":"https:\/\/quadrina.pt\/store\/wp-json\/wp\/v2\/product"}],"about":[{"href":"https:\/\/quadrina.pt\/store\/wp-json\/wp\/v2\/types\/product"}],"version-history":[{"count":6,"href":"https:\/\/quadrina.pt\/store\/wp-json\/wp\/v2\/product\/5238\/revisions"}],"predecessor-version":[{"id":5766,"href":"https:\/\/quadrina.pt\/store\/wp-json\/wp\/v2\/product\/5238\/revisions\/5766"}],"wp:featuredmedia":[{"embeddable":true,"href":"https:\/\/quadrina.pt\/store\/wp-json\/wp\/v2\/media\/5405"}],"wp:attachment":[{"href":"https:\/\/quadrina.pt\/store\/wp-json\/wp\/v2\/media?parent=5238"}],"wp:term":[{"taxonomy":"product_cat","embeddable":true,"href":"https:\/\/quadrina.pt\/store\/wp-json\/wp\/v2\/product_cat?post=5238"},{"taxonomy":"product_tag","embeddable":true,"href":"https:\/\/quadrina.pt\/store\/wp-json\/wp\/v2\/product_tag?post=5238"}],"curies":[{"name":"wp","href":"https:\/\/api.w.org\/{rel}","templated":true}]}}