{"id":5269,"date":"2023-01-23T12:39:06","date_gmt":"2023-01-23T12:39:06","guid":{"rendered":"https:\/\/quadrina.pt\/store\/?post_type=product&#038;p=5269"},"modified":"2023-08-31T13:22:06","modified_gmt":"2023-08-31T13:22:06","slug":"quadro-controlador-de-fases-para-sistema-fotovoltaico","status":"publish","type":"product","link":"https:\/\/quadrina.pt\/store\/produto\/quadro-controlador-de-fases-para-sistema-fotovoltaico\/","title":{"rendered":"Quadro Controlador de Fases para Sistema Fotovoltaico"},"content":{"rendered":"<h4>C\u00f3digos:<\/h4>\n<ul>\n<li>Quadro de comando QDR.SOLAR1<\/li>\n<li>pSSO70.22.22.108-16<\/li>\n<\/ul>\n<h4>Caracter\u00edsticas T\u00e9cnicas<\/h4>\n<ul>\n<li>Un: 400V<\/li>\n<li>In: 16A<\/li>\n<li>Fq: 50Hz<\/li>\n<li>IP: 66<\/li>\n<li>IK: 05<\/li>\n<li>Montagem: Saliente<\/li>\n<li>Peso: 1 kg<\/li>\n<li>Dimens\u00f5es: 240*190*95 mm<\/li>\n<\/ul>\n","protected":false},"excerpt":{"rendered":"<p><strong style=\"font-size: 1rem;\">QDR.SOLAR1<\/strong><\/p>\n<ul>\n<li>Leve, compacto e robusto<\/li>\n<li>Permite um sistema de produ\u00e7\u00e3o monof\u00e1sica numa instala\u00e7\u00e3o trif\u00e1sica<\/li>\n<li>Solu\u00e7\u00e3o Plug &amp; Play<\/li>\n<li>Inclui TI\u2019s (transformadores de corrente) para cada fase da instala\u00e7\u00e3o trif\u00e1sica.<\/li>\n<\/ul>\n","protected":false},"featured_media":5272,"template":"","meta":{"inline_featured_image":false},"product_cat":[67,40],"product_tag":[],"_links":{"self":[{"href":"https:\/\/quadrina.pt\/store\/wp-json\/wp\/v2\/product\/5269"}],"collection":[{"href":"https:\/\/quadrina.pt\/store\/wp-json\/wp\/v2\/product"}],"about":[{"href":"https:\/\/quadrina.pt\/store\/wp-json\/wp\/v2\/types\/product"}],"version-history":[{"count":4,"href":"https:\/\/quadrina.pt\/store\/wp-json\/wp\/v2\/product\/5269\/revisions"}],"predecessor-version":[{"id":5647,"href":"https:\/\/quadrina.pt\/store\/wp-json\/wp\/v2\/product\/5269\/revisions\/5647"}],"wp:featuredmedia":[{"embeddable":true,"href":"https:\/\/quadrina.pt\/store\/wp-json\/wp\/v2\/media\/5272"}],"wp:attachment":[{"href":"https:\/\/quadrina.pt\/store\/wp-json\/wp\/v2\/media?parent=5269"}],"wp:term":[{"taxonomy":"product_cat","embeddable":true,"href":"https:\/\/quadrina.pt\/store\/wp-json\/wp\/v2\/product_cat?post=5269"},{"taxonomy":"product_tag","embeddable":true,"href":"https:\/\/quadrina.pt\/store\/wp-json\/wp\/v2\/product_tag?post=5269"}],"curies":[{"name":"wp","href":"https:\/\/api.w.org\/{rel}","templated":true}]}}