{"id":5281,"date":"2023-01-23T12:51:26","date_gmt":"2023-01-23T12:51:26","guid":{"rendered":"https:\/\/quadrina.pt\/store\/?post_type=product&#038;p=5281"},"modified":"2024-05-07T09:32:17","modified_gmt":"2024-05-07T09:32:17","slug":"quadro-eletrico-de-monotomada-para-veiculos-2","status":"publish","type":"product","link":"https:\/\/quadrina.pt\/store\/produto\/quadro-eletrico-de-monotomada-para-veiculos-2\/","title":{"rendered":"Quadro El\u00e9trico de Monotomada para Ve\u00edculos"},"content":{"rendered":"<h4>C\u00f3digos:<\/h4>\n<ul>\n<li>Quadro el\u00e9trico QDR.CAR2 Quadrina<\/li>\n<li>pSSO70.22.22.108-14<\/li>\n<\/ul>\n<h4>Caracter\u00edsticas T\u00e9cnicas<\/h4>\n<ul>\n<li>Un: 230V<\/li>\n<li>In: 40A<\/li>\n<li>Icc: 4,5kA<\/li>\n<li>Fq: 50Hz<\/li>\n<li>IP: 55<\/li>\n<li>IK: 08<\/li>\n<li>Classe de Isolamento: II<\/li>\n<li>Norma: EN 61439-1\/3<\/li>\n<li>Montagem: Saliente<\/li>\n<li>Peso: 2 kg<\/li>\n<li>Dimens\u00f5es: 310*125*155 mm<\/li>\n<\/ul>\n<h4>Constituintes<\/h4>\n<p>x1 Tomada CEE 32A 3P<\/p>\n","protected":false},"excerpt":{"rendered":"<p><strong style=\"font-size: 1rem\">QDR.CAR2<\/strong><\/p>\n<ul>\n<li>Leve, compacto e robusto<\/li>\n<li>Com encravamento mec\u00e2nico duplo<\/li>\n<li>Solu\u00e7\u00e3o Plug &amp; Play<\/li>\n<\/ul>\n","protected":false},"featured_media":5284,"template":"","meta":{"inline_featured_image":false},"product_cat":[69,40],"product_tag":[],"_links":{"self":[{"href":"https:\/\/quadrina.pt\/store\/wp-json\/wp\/v2\/product\/5281"}],"collection":[{"href":"https:\/\/quadrina.pt\/store\/wp-json\/wp\/v2\/product"}],"about":[{"href":"https:\/\/quadrina.pt\/store\/wp-json\/wp\/v2\/types\/product"}],"version-history":[{"count":7,"href":"https:\/\/quadrina.pt\/store\/wp-json\/wp\/v2\/product\/5281\/revisions"}],"predecessor-version":[{"id":5770,"href":"https:\/\/quadrina.pt\/store\/wp-json\/wp\/v2\/product\/5281\/revisions\/5770"}],"wp:featuredmedia":[{"embeddable":true,"href":"https:\/\/quadrina.pt\/store\/wp-json\/wp\/v2\/media\/5284"}],"wp:attachment":[{"href":"https:\/\/quadrina.pt\/store\/wp-json\/wp\/v2\/media?parent=5281"}],"wp:term":[{"taxonomy":"product_cat","embeddable":true,"href":"https:\/\/quadrina.pt\/store\/wp-json\/wp\/v2\/product_cat?post=5281"},{"taxonomy":"product_tag","embeddable":true,"href":"https:\/\/quadrina.pt\/store\/wp-json\/wp\/v2\/product_tag?post=5281"}],"curies":[{"name":"wp","href":"https:\/\/api.w.org\/{rel}","templated":true}]}}