{"id":5303,"date":"2023-01-23T14:29:55","date_gmt":"2023-01-23T14:29:55","guid":{"rendered":"https:\/\/quadrina.pt\/store\/?post_type=product&#038;p=5303"},"modified":"2024-04-26T14:47:29","modified_gmt":"2024-04-26T14:47:29","slug":"quadro-eletrico-de-apartamento-de-t3-a-t5","status":"publish","type":"product","link":"https:\/\/quadrina.pt\/store\/produto\/quadro-eletrico-de-apartamento-de-t3-a-t5\/","title":{"rendered":"Quadro El\u00e9trico de Apartamento de T3 a T5"},"content":{"rendered":"<h4>C\u00f3digos<\/h4>\n<ul>\n<li>Quadro el\u00e9trico QDR.APA1.T3-5 Quadrina<\/li>\n<li>pSSO70.22.22.108-9<\/li>\n<\/ul>\n<h4>Caracter\u00edsticas T\u00e9cnicas<\/h4>\n<ul>\n<li>Un: 230V<\/li>\n<li>In: 63A<\/li>\n<li>Icc: 3kA\/4,5kA<\/li>\n<li>Fq: 50Hz<\/li>\n<li>IP: 54<\/li>\n<li>IK: 07<\/li>\n<li>Classe de Isolamento: II<\/li>\n<li>Norma: EN 61439-1\/3<\/li>\n<li>Montagem: Encastrar<\/li>\n<li>Peso: 12 kg<\/li>\n<li>Dimens\u00f5es: 805*435*141 mm<\/li>\n<\/ul>\n<h4>Constituintes (Este quadro contempla liga\u00e7\u00f5es para:)<\/h4>\n<ul>\n<li>x2 Tomadas de Uso Geral \u2013 Quartos (at\u00e9 8 tomadas)<\/li>\n<li>Tomadas de Uso Geral \u2013 Sala (at\u00e9 8 tomadas)<\/li>\n<li>Tomadas de Uso Geral\u00a0\u2013 Cozinha (at\u00e9 8 tomadas)<\/li>\n<li>Tomadas de Uso Geral \u2013 Hall, Circula\u00e7\u00e3o e WC (at\u00e9 8 tomadas)<\/li>\n<li>Ilumina\u00e7\u00e3o \u2013 Cozinha e Sala<\/li>\n<li>Ilumina\u00e7\u00e3o \u2013 Quartos,<\/li>\n<li>Ilumina\u00e7\u00e3o \u2013 Hall, Circula\u00e7\u00e3o e WC<\/li>\n<li>Estores<\/li>\n<li>M\u00e1quina de Lavar a Loi\u00e7a<\/li>\n<li>Videoporteiro<\/li>\n<li>Frigor\u00edfico<\/li>\n<li>Micro-ondas<\/li>\n<li>Placa El\u00e9trica<\/li>\n<li>Arm\u00e1rio de Telecomunica\u00e7\u00f5es Individual (ATI)<\/li>\n<li>M\u00e1quina Lavar\/Secar Roupa<\/li>\n<li>Forno + Exaustor<\/li>\n<li>Unidade AVAC<\/li>\n<li>Bomba de Calor\/Caldeira\/Termoacumulador<\/li>\n<li>Extra\u00e7\u00e3o WC<\/li>\n<li>Quadro Parcial de Arrumos\/Garagem<\/li>\n<\/ul>\n","protected":false},"excerpt":{"rendered":"<p><strong>QDR.APA1.T3-5<\/strong><\/p>\n<ul>\n<li>Dimensionado para circuitos de tomadas, ilumina\u00e7\u00e3o e equipamentos;<\/li>\n<li>Preparado para Quadro Parcial de Arrumos\/Garagem;<\/li>\n<li>Possibilidade de fornecimento do Quadro El\u00e9trico com equipamento para monitoriza\u00e7\u00e3o de consumos.<\/li>\n<\/ul>\n","protected":false},"featured_media":5308,"template":"","meta":{"inline_featured_image":false},"product_cat":[69,40],"product_tag":[],"_links":{"self":[{"href":"https:\/\/quadrina.pt\/store\/wp-json\/wp\/v2\/product\/5303"}],"collection":[{"href":"https:\/\/quadrina.pt\/store\/wp-json\/wp\/v2\/product"}],"about":[{"href":"https:\/\/quadrina.pt\/store\/wp-json\/wp\/v2\/types\/product"}],"version-history":[{"count":4,"href":"https:\/\/quadrina.pt\/store\/wp-json\/wp\/v2\/product\/5303\/revisions"}],"predecessor-version":[{"id":5758,"href":"https:\/\/quadrina.pt\/store\/wp-json\/wp\/v2\/product\/5303\/revisions\/5758"}],"wp:featuredmedia":[{"embeddable":true,"href":"https:\/\/quadrina.pt\/store\/wp-json\/wp\/v2\/media\/5308"}],"wp:attachment":[{"href":"https:\/\/quadrina.pt\/store\/wp-json\/wp\/v2\/media?parent=5303"}],"wp:term":[{"taxonomy":"product_cat","embeddable":true,"href":"https:\/\/quadrina.pt\/store\/wp-json\/wp\/v2\/product_cat?post=5303"},{"taxonomy":"product_tag","embeddable":true,"href":"https:\/\/quadrina.pt\/store\/wp-json\/wp\/v2\/product_tag?post=5303"}],"curies":[{"name":"wp","href":"https:\/\/api.w.org\/{rel}","templated":true}]}}