{"id":5341,"date":"2023-01-23T15:02:22","date_gmt":"2023-01-23T15:02:22","guid":{"rendered":"https:\/\/quadrina.pt\/store\/?post_type=product&#038;p=5341"},"modified":"2024-04-26T14:34:14","modified_gmt":"2024-04-26T14:34:14","slug":"instalacao-eletrica-em-parede-infraestruturada","status":"publish","type":"product","link":"https:\/\/quadrina.pt\/store\/produto\/instalacao-eletrica-em-parede-infraestruturada\/","title":{"rendered":"Instala\u00e7\u00e3o El\u00e9trica em Parede Infraestruturada"},"content":{"rendered":"<h4>C\u00f3digos<\/h4>\n<ul>\n<li>Quadro el\u00e9trico P.INF Quadrina<\/li>\n<li>sSTR10.60.60.108-1<\/li>\n<\/ul>\n<h4>Caracter\u00edsticas T\u00e9cnicas<\/h4>\n<ul>\n<li>Un: 230V<\/li>\n<li>In: 25A<\/li>\n<li>Icc: 3kA<\/li>\n<li>Fq: 50Hz<\/li>\n<li>IP: 40<\/li>\n<li>IK: 07<\/li>\n<li>Classe de Isolamento: II<\/li>\n<li>Norma: EN 61439-1\/3<\/li>\n<li>Montagem: Encastrar<\/li>\n<li>Peso: 15 kg<\/li>\n<li>Dimens\u00f5es: 2500*600*77 mm<\/li>\n<\/ul>\n<h4>Constituintes (Este quadro contempla liga\u00e7\u00f5es para:)<\/h4>\n<ul>\n<li>Tomadas de Uso Geral \u2013 WC (at\u00e9 8 tomadas)<\/li>\n<li>Tomadas de Uso Geral \u2013 Quarto (at\u00e9 8 tomadas)<\/li>\n<li>Ilumina\u00e7\u00e3o \u2013 Quarto e WC<\/li>\n<li>Unidade AVAC<\/li>\n<li>Frigobar<\/li>\n<li>Comando para Leitor de Cart\u00f5es<\/li>\n<\/ul>\n","protected":false},"excerpt":{"rendered":"<p><strong>P.INF<\/strong><\/p>\n<ul>\n<li>Dimensionado para circuitos de tomadas, ilumina\u00e7\u00e3o e equipamentos<\/li>\n<li>Composto por rede de tubagem pr\u00e9-cablada, quadro el\u00e9trico e caixas de aparelhagem<\/li>\n<li>Solu\u00e7\u00e3o pr\u00e9-fabricada para constru\u00e7\u00e3o <em>off-site<br \/>\n<\/em><\/li>\n<\/ul>\n<p><strong>Obs:<\/strong> Pre\u00e7o sob consulta<\/p>\n","protected":false},"featured_media":5344,"template":"","meta":{"inline_featured_image":false},"product_cat":[69,40],"product_tag":[],"_links":{"self":[{"href":"https:\/\/quadrina.pt\/store\/wp-json\/wp\/v2\/product\/5341"}],"collection":[{"href":"https:\/\/quadrina.pt\/store\/wp-json\/wp\/v2\/product"}],"about":[{"href":"https:\/\/quadrina.pt\/store\/wp-json\/wp\/v2\/types\/product"}],"version-history":[{"count":9,"href":"https:\/\/quadrina.pt\/store\/wp-json\/wp\/v2\/product\/5341\/revisions"}],"predecessor-version":[{"id":5754,"href":"https:\/\/quadrina.pt\/store\/wp-json\/wp\/v2\/product\/5341\/revisions\/5754"}],"wp:featuredmedia":[{"embeddable":true,"href":"https:\/\/quadrina.pt\/store\/wp-json\/wp\/v2\/media\/5344"}],"wp:attachment":[{"href":"https:\/\/quadrina.pt\/store\/wp-json\/wp\/v2\/media?parent=5341"}],"wp:term":[{"taxonomy":"product_cat","embeddable":true,"href":"https:\/\/quadrina.pt\/store\/wp-json\/wp\/v2\/product_cat?post=5341"},{"taxonomy":"product_tag","embeddable":true,"href":"https:\/\/quadrina.pt\/store\/wp-json\/wp\/v2\/product_tag?post=5341"}],"curies":[{"name":"wp","href":"https:\/\/api.w.org\/{rel}","templated":true}]}}