{"id":5670,"date":"2023-11-24T17:10:42","date_gmt":"2023-11-24T17:10:42","guid":{"rendered":"https:\/\/quadrina.pt\/store\/?post_type=product&#038;p=5670"},"modified":"2024-04-01T04:50:53","modified_gmt":"2024-04-01T04:50:53","slug":"quadro-eletrico-de-distribuicao-portatil-4","status":"publish","type":"product","link":"https:\/\/quadrina.pt\/store\/produto\/quadro-eletrico-de-distribuicao-portatil-4\/","title":{"rendered":"Quadro El\u00e9trico de Distribui\u00e7\u00e3o Port\u00e1til"},"content":{"rendered":"<h4>C\u00f3digos:<\/h4>\n<ul>\n<li>Quadro El\u00e9trico de Distribui\u00e7\u00e3o Port\u00e1til QDR.EVENTOS1 Quadrina<\/li>\n<li>QDR.EVENTOS1<\/li>\n<\/ul>\n<h4>Caracter\u00edsticas T\u00e9cnicas<\/h4>\n<ul>\n<li>Un: 400V<\/li>\n<li>In: 63A<\/li>\n<li>Icc: 6kA0<\/li>\n<li>Fq: 50Hz<\/li>\n<li>IP: 44<\/li>\n<li>Classe de Isolamento: II<\/li>\n<li>Norma: EN 61439-3<\/li>\n<li>Montagem: Port\u00e1til<\/li>\n<li>Peso: 35 kg<\/li>\n<li>Dimens\u00f5es: 670*600*400 mm<\/li>\n<\/ul>\n<h4>Constituintes<\/h4>\n<ul>\n<li>1x Ficha CEE 63A 5P<\/li>\n<li>3x Tomada CEE 32A 5P<\/li>\n<li>9x Tomada CEE 16A 3P<\/li>\n<li>3x Tomada Schuko 16A<\/li>\n<li>1x Analisador de energia<\/li>\n<\/ul>\n","protected":false},"excerpt":{"rendered":"<div class=\"page\" title=\"Page 1\">\n<div class=\"layoutArea\">\n<div class=\"column\">\n<p>O primeiro quadro de distribuic\u0327a\u0303o porta\u0301til para eventos com design adaptado: tomadas pretas (discretas) e analisador de energia (para monitorizac\u0327a\u0303o do consumo energe\u0301tico por fase).<\/p>\n<ul>\n<li>Distribui\u00e7\u00e3o Port\u00e1til, 63A, Eventos, Todos<\/li>\n<li>Ideal para eventos<\/li>\n<li>Port\u00e1til e resistente<\/li>\n<li>Solu\u00e7\u00e3o &#8220;Plug &amp; Play&#8221;<\/li>\n<li>Quadro El\u00e9trico de Distribui\u00e7\u00e3o Port\u00e1til<\/li>\n<li>QDR.EVENTOS1<\/li>\n<li>35kg<\/li>\n<\/ul>\n<\/div>\n<\/div>\n<\/div>\n","protected":false},"featured_media":5671,"template":"","meta":{"inline_featured_image":false},"product_cat":[40,66,80],"product_tag":[],"_links":{"self":[{"href":"https:\/\/quadrina.pt\/store\/wp-json\/wp\/v2\/product\/5670"}],"collection":[{"href":"https:\/\/quadrina.pt\/store\/wp-json\/wp\/v2\/product"}],"about":[{"href":"https:\/\/quadrina.pt\/store\/wp-json\/wp\/v2\/types\/product"}],"version-history":[{"count":3,"href":"https:\/\/quadrina.pt\/store\/wp-json\/wp\/v2\/product\/5670\/revisions"}],"predecessor-version":[{"id":5687,"href":"https:\/\/quadrina.pt\/store\/wp-json\/wp\/v2\/product\/5670\/revisions\/5687"}],"wp:featuredmedia":[{"embeddable":true,"href":"https:\/\/quadrina.pt\/store\/wp-json\/wp\/v2\/media\/5671"}],"wp:attachment":[{"href":"https:\/\/quadrina.pt\/store\/wp-json\/wp\/v2\/media?parent=5670"}],"wp:term":[{"taxonomy":"product_cat","embeddable":true,"href":"https:\/\/quadrina.pt\/store\/wp-json\/wp\/v2\/product_cat?post=5670"},{"taxonomy":"product_tag","embeddable":true,"href":"https:\/\/quadrina.pt\/store\/wp-json\/wp\/v2\/product_tag?post=5670"}],"curies":[{"name":"wp","href":"https:\/\/api.w.org\/{rel}","templated":true}]}}